{"id":1187,"date":"2018-01-21T21:15:16","date_gmt":"2018-01-21T20:15:16","guid":{"rendered":"http:\/\/www.suso-club.at\/?page_id=1187"},"modified":"2018-10-02T04:15:58","modified_gmt":"2018-10-02T02:15:58","slug":"news","status":"publish","type":"page","link":"https:\/\/www.suso-club.at\/de\/events\/archiv\/styrian-o-days-2018\/news\/","title":{"rendered":"Styrian O-Days 2018 &#8211; News"},"content":{"rendered":"<div class=\"pt-cv-wrapper\"><div class=\"pt-cv-view pt-cv-grid pt-cv-colsys pt-cv-nolf pt-cv-pgregular\" id=\"pt-cv-view-b1cc9fapw7\"><div data-id=\"pt-cv-page-1\" class=\"pt-cv-page\" data-cvc=\"1\"><div class=\"col-md-12 col-sm-12 col-xs-12 pt-cv-content-item pt-cv-2-col\"  data-pid=\"2365\"><div class='pt-cv-ifield'><a href=\"https:\/\/www.suso-club.at\/de\/2018\/10\/22\/tolles-team-tolle-veranstaltung\/\" class=\"_self pt-cv-href-thumbnail pt-cv-thumb-left cvplbd\" target=\"_self\" ><img width=\"300\" height=\"190\" src=\"https:\/\/www.suso-club.at\/wp-content\/uploads\/2018\/10\/Aigm-5-Kopie-300x190.jpg\" class=\"pt-cv-thumbnail pull-left\" alt=\"Tolles Team - tolle Veranstaltung\" decoding=\"async\" loading=\"lazy\" srcset=\"https:\/\/www.suso-club.at\/wp-content\/uploads\/2018\/10\/Aigm-5-Kopie-300x190.jpg 300w, https:\/\/www.suso-club.at\/wp-content\/uploads\/2018\/10\/Aigm-5-Kopie-768x487.jpg 768w, https:\/\/www.suso-club.at\/wp-content\/uploads\/2018\/10\/Aigm-5-Kopie-1024x649.jpg 1024w, https:\/\/www.suso-club.at\/wp-content\/uploads\/2018\/10\/Aigm-5-Kopie.jpg 1542w\" sizes=\"(max-width: 300px) 100vw, 300px\" \/><\/a>\n<div class=\"pt-cv-colwrap\"><h4 class=\"pt-cv-title\"><a href=\"https:\/\/www.suso-club.at\/de\/2018\/10\/22\/tolles-team-tolle-veranstaltung\/\" class=\"_self cvplbd\" target=\"_self\" >Tolles Team &#8211; tolle Veranstaltung<\/a><\/h4><div class=\"pt-cv-content\">Mit den Styrian Orienteering Days setzte unser Club\u00a0wieder einen Meilenstein. Erstmals wurden an einem Wochenende an zwei Tagen drei L\u00e4ufe ...<br \/><div class=\"pt-cv-rmwrap\"><a href=\"https:\/\/www.suso-club.at\/de\/2018\/10\/22\/tolles-team-tolle-veranstaltung\/\" class=\"_self pt-cv-readmore btn btn-success cvplbd\" target=\"_self\">Weiterlesen \u2026<\/a><\/div><\/div><\/div><\/div><\/div>\n<div class=\"col-md-12 col-sm-12 col-xs-12 pt-cv-content-item pt-cv-2-col\"  data-pid=\"2326\"><div class='pt-cv-ifield'><a href=\"https:\/\/www.suso-club.at\/de\/2018\/10\/17\/cc-wettkampfzentrum-fuer-etappe-2-und-3\/\" class=\"_self pt-cv-href-thumbnail pt-cv-thumb-left cvplbd\" target=\"_self\" ><img width=\"300\" height=\"261\" src=\"https:\/\/www.suso-club.at\/wp-content\/uploads\/2018\/10\/CC-Wettkampfzentrum-Kainbach-300x261.png\" class=\"pt-cv-thumbnail pull-left\" alt=\"CC-Wettkampfzentrum f\u00fcr Etappe 2 und 3\" decoding=\"async\" loading=\"lazy\" srcset=\"https:\/\/www.suso-club.at\/wp-content\/uploads\/2018\/10\/CC-Wettkampfzentrum-Kainbach-300x261.png 300w, https:\/\/www.suso-club.at\/wp-content\/uploads\/2018\/10\/CC-Wettkampfzentrum-Kainbach-768x668.png 768w, https:\/\/www.suso-club.at\/wp-content\/uploads\/2018\/10\/CC-Wettkampfzentrum-Kainbach.png 919w\" sizes=\"(max-width: 300px) 100vw, 300px\" \/><\/a>\n<div class=\"pt-cv-colwrap\"><h4 class=\"pt-cv-title\"><a href=\"https:\/\/www.suso-club.at\/de\/2018\/10\/17\/cc-wettkampfzentrum-fuer-etappe-2-und-3\/\" class=\"_self cvplbd\" target=\"_self\" >CC-Wettkampfzentrum f\u00fcr Etappe 2 und 3<\/a><\/h4><div class=\"pt-cv-content\">Ein Plan des Wettkampfzentrum f\u00fcr die Nacht-MS und den 10.AC steht hier als Download bereit. CC-Wettkampfzentrum Kainbach ...<br \/><div class=\"pt-cv-rmwrap\"><a href=\"https:\/\/www.suso-club.at\/de\/2018\/10\/17\/cc-wettkampfzentrum-fuer-etappe-2-und-3\/\" class=\"_self pt-cv-readmore btn btn-success cvplbd\" target=\"_self\">Weiterlesen \u2026<\/a><\/div><\/div><\/div><\/div><\/div>\n<div class=\"col-md-12 col-sm-12 col-xs-12 pt-cv-content-item pt-cv-2-col\"  data-pid=\"2330\"><div class='pt-cv-ifield'><a href=\"https:\/\/www.suso-club.at\/de\/2018\/10\/15\/speisekarte-fuer-etappe-2-und-3\/\" class=\"_self pt-cv-href-thumbnail pt-cv-thumb-left cvplbd\" target=\"_self\" ><img width=\"300\" height=\"300\" style=\"max-height: 300px;\" src=\"https:\/\/www.suso-club.at\/wp-content\/plugins\/pt-content-views-pro\/public\/assets\/images\/default_image.png\" class=\"pt-cv-thumbnail pull-left not-found\" alt=\"Speisekarte f\u00fcr Etappe 2 und 3\" \/><\/a>\n<div class=\"pt-cv-colwrap\"><h4 class=\"pt-cv-title\"><a href=\"https:\/\/www.suso-club.at\/de\/2018\/10\/15\/speisekarte-fuer-etappe-2-und-3\/\" class=\"_self cvplbd\" target=\"_self\" >Speisekarte f\u00fcr Etappe 2 und 3<\/a><\/h4><div class=\"pt-cv-content\">W\u00e4hrend der Nacht-MS und am Sonntag steht unseren G\u00e4sten eine Kantine zur Verf\u00fcgung. Die Speisekarte der Katine steht hier als ...<br \/><div class=\"pt-cv-rmwrap\"><a href=\"https:\/\/www.suso-club.at\/de\/2018\/10\/15\/speisekarte-fuer-etappe-2-und-3\/\" class=\"_self pt-cv-readmore btn btn-success cvplbd\" target=\"_self\">Weiterlesen \u2026<\/a><\/div><\/div><\/div><\/div><\/div>\n<div class=\"col-md-12 col-sm-12 col-xs-12 pt-cv-content-item pt-cv-2-col\"  data-pid=\"2334\"><div class='pt-cv-ifield'><a href=\"https:\/\/www.suso-club.at\/de\/2018\/10\/14\/aus-den-gemeindenachrichten-zu-den-styrian-o-days\/\" class=\"_self pt-cv-href-thumbnail pt-cv-thumb-left cvplbd\" target=\"_self\" ><img width=\"300\" src=\"http:\/\/www.suso-club.at\/wp-content\/uploads\/2018\/10\/gemeinenachrichten-kainbach-755x1024.jpg\" class=\"pt-cv-thumbnail pull-left cvp-substitute\" alt=\"Aus den Gemeindenachrichten zu den Styrian O-Days\" style=\"width: 300px;\" \/><\/a>\n<div class=\"pt-cv-colwrap\"><h4 class=\"pt-cv-title\"><a href=\"https:\/\/www.suso-club.at\/de\/2018\/10\/14\/aus-den-gemeindenachrichten-zu-den-styrian-o-days\/\" class=\"_self cvplbd\" target=\"_self\" >Aus den Gemeindenachrichten zu den Styrian O-Days<\/a><\/h4><div class=\"pt-cv-content\"> ...<br \/><div class=\"pt-cv-rmwrap\"><a href=\"https:\/\/www.suso-club.at\/de\/2018\/10\/14\/aus-den-gemeindenachrichten-zu-den-styrian-o-days\/\" class=\"_self pt-cv-readmore btn btn-success cvplbd\" target=\"_self\">Weiterlesen \u2026<\/a><\/div><\/div><\/div><\/div><\/div>\n<div class=\"col-md-12 col-sm-12 col-xs-12 pt-cv-content-item pt-cv-2-col\"  data-pid=\"2297\"><div class='pt-cv-ifield'><a href=\"https:\/\/www.suso-club.at\/de\/2018\/10\/02\/29-09-2018\/\" class=\"_self pt-cv-href-thumbnail pt-cv-thumb-left cvplbd\" target=\"_self\" ><img width=\"276\" height=\"183\" src=\"https:\/\/www.suso-club.at\/wp-content\/uploads\/2018\/10\/ol_course.png\" class=\"pt-cv-thumbnail pull-left\" alt=\"29.09.2018\" decoding=\"async\" loading=\"lazy\" \/><\/a>\n<div class=\"pt-cv-colwrap\"><h4 class=\"pt-cv-title\"><a href=\"https:\/\/www.suso-club.at\/de\/2018\/10\/02\/29-09-2018\/\" class=\"_self cvplbd\" target=\"_self\" >29.09.2018<\/a><\/h4><div class=\"pt-cv-content\">Die Streckenplanung ist abgeschlossen und die Bahndaten f\u00fcr die einzelnen Etappen sind jetzt online. \/ \u00a0The route planning is completed ...<br \/><div class=\"pt-cv-rmwrap\"><a href=\"https:\/\/www.suso-club.at\/de\/2018\/10\/02\/29-09-2018\/\" class=\"_self pt-cv-readmore btn btn-success cvplbd\" target=\"_self\">Weiterlesen \u2026<\/a><\/div><\/div><\/div><\/div><\/div>\n<div class=\"col-md-12 col-sm-12 col-xs-12 pt-cv-content-item pt-cv-2-col\"  data-pid=\"2218\"><div class='pt-cv-ifield'><a href=\"https:\/\/www.suso-club.at\/de\/2018\/09\/20\/styrian-orienteering-days-kainbach\/\" class=\"_self pt-cv-href-thumbnail pt-cv-thumb-left cvplbd\" target=\"_self\" ><img width=\"300\" height=\"193\" src=\"https:\/\/www.suso-club.at\/wp-content\/uploads\/2018\/09\/Kainbach-Plane-Kopie-300x193.jpg\" class=\"pt-cv-thumbnail pull-left\" alt=\"Styrian Orienteering Days - Kainbach\" decoding=\"async\" loading=\"lazy\" srcset=\"https:\/\/www.suso-club.at\/wp-content\/uploads\/2018\/09\/Kainbach-Plane-Kopie-300x193.jpg 300w, https:\/\/www.suso-club.at\/wp-content\/uploads\/2018\/09\/Kainbach-Plane-Kopie-768x494.jpg 768w, https:\/\/www.suso-club.at\/wp-content\/uploads\/2018\/09\/Kainbach-Plane-Kopie-1024x658.jpg 1024w, https:\/\/www.suso-club.at\/wp-content\/uploads\/2018\/09\/Kainbach-Plane-Kopie.jpg 2007w\" sizes=\"(max-width: 300px) 100vw, 300px\" \/><\/a>\n<div class=\"pt-cv-colwrap\"><h4 class=\"pt-cv-title\"><a href=\"https:\/\/www.suso-club.at\/de\/2018\/09\/20\/styrian-orienteering-days-kainbach\/\" class=\"_self cvplbd\" target=\"_self\" >Styrian Orienteering Days &#8211; Kainbach<\/a><\/h4><div class=\"pt-cv-content\">Die Vorbereitungen f\u00fcr die \"Styrian Orienteering Days 2018\", das letzte nationale Wochenende, laufen auf Hochtouren. Erstmals gibt es dabei 3 ...<br \/><div class=\"pt-cv-rmwrap\"><a href=\"https:\/\/www.suso-club.at\/de\/2018\/09\/20\/styrian-orienteering-days-kainbach\/\" class=\"_self pt-cv-readmore btn btn-success cvplbd\" target=\"_self\">Weiterlesen \u2026<\/a><\/div><\/div><\/div><\/div><\/div>\n<div class=\"col-md-12 col-sm-12 col-xs-12 pt-cv-content-item pt-cv-2-col\"  data-pid=\"1394\"><div class='pt-cv-ifield'><a href=\"https:\/\/www.suso-club.at\/de\/2018\/02\/02\/2-2-2018\/\" class=\"_self pt-cv-href-thumbnail pt-cv-thumb-left cvplbd\" target=\"_self\" ><img width=\"300\" height=\"300\" style=\"max-height: 300px;\" src=\"https:\/\/www.suso-club.at\/wp-content\/plugins\/pt-content-views-pro\/public\/assets\/images\/default_image.png\" class=\"pt-cv-thumbnail pull-left not-found\" alt=\"2.2.2018\" \/><\/a>\n<div class=\"pt-cv-colwrap\"><h4 class=\"pt-cv-title\"><a href=\"https:\/\/www.suso-club.at\/de\/2018\/02\/02\/2-2-2018\/\" class=\"_self cvplbd\" target=\"_self\" >2.2.2018<\/a><\/h4><div class=\"pt-cv-content\">{:en}The planned winning times of the individual stages are online.{:}{:de}Die geplanten Siegerzeiten der einzelnen Etappen sind online.{:} ...<br \/><div class=\"pt-cv-rmwrap\"><a href=\"https:\/\/www.suso-club.at\/de\/2018\/02\/02\/2-2-2018\/\" class=\"_self pt-cv-readmore btn btn-success cvplbd\" target=\"_self\">Weiterlesen \u2026<\/a><\/div><\/div><\/div><\/div><\/div>\n<div class=\"col-md-12 col-sm-12 col-xs-12 pt-cv-content-item pt-cv-2-col\"  data-pid=\"1249\"><div class='pt-cv-ifield'><a href=\"https:\/\/www.suso-club.at\/de\/2018\/01\/27\/1249\/\" class=\"_self pt-cv-href-thumbnail pt-cv-thumb-left cvplbd\" target=\"_self\" ><img width=\"300\" height=\"300\" style=\"max-height: 300px;\" src=\"https:\/\/www.suso-club.at\/wp-content\/plugins\/pt-content-views-pro\/public\/assets\/images\/default_image.png\" class=\"pt-cv-thumbnail pull-left not-found\" alt=\"27.1.2018\" \/><\/a>\n<div class=\"pt-cv-colwrap\"><h4 class=\"pt-cv-title\"><a href=\"https:\/\/www.suso-club.at\/de\/2018\/01\/27\/1249\/\" class=\"_self cvplbd\" target=\"_self\" >27.1.2018<\/a><\/h4><div class=\"pt-cv-content\">{:en}The Styrian-O-Days website has been opened. Here you will find current news about our competitions.{:}{:de}Die Styrian-O-Days Webseite wurde er\u00f6ffnet. Hier ...<br \/><div class=\"pt-cv-rmwrap\"><a href=\"https:\/\/www.suso-club.at\/de\/2018\/01\/27\/1249\/\" class=\"_self pt-cv-readmore btn btn-success cvplbd\" target=\"_self\">Weiterlesen \u2026<\/a><\/div><\/div><\/div><\/div><\/div><\/div><\/div><\/div>\t\t\t<style type=\"text\/css\" id=\"pt-cv-inline-style-ca9bdf4rel\">#pt-cv-view-b1cc9fapw7 .pt-cv-title a, #pt-cv-view-b1cc9fapw7  .panel-title { font-weight: 600 !important; }\n#pt-cv-view-b1cc9fapw7 .pt-cv-readmore  { color: #ffffff !important; background-color: #00aeef !important; }\n#pt-cv-view-b1cc9fapw7 .pt-cv-readmore:hover  { color: #ffffff !important; background-color: #00aeef !important; }\n#pt-cv-view-b1cc9fapw7  + .pt-cv-pagination-wrapper .pt-cv-more , #pt-cv-view-b1cc9fapw7  + .pt-cv-pagination-wrapper .pagination .active a { color: #ffffff !important; background-color: #00aeef !important; }<\/style>\r\n\t\t\t\n","protected":false},"excerpt":{"rendered":"","protected":false},"author":3,"featured_media":0,"parent":1182,"menu_order":10,"comment_status":"closed","ping_status":"closed","template":"","meta":[],"translation":{"provider":"WPGlobus","version":"2.12.2","language":"de","enabled_languages":["en","de"],"languages":{"en":{"title":true,"content":true,"excerpt":false},"de":{"title":false,"content":false,"excerpt":false}}},"_links":{"self":[{"href":"https:\/\/www.suso-club.at\/de\/wp-json\/wp\/v2\/pages\/1187"}],"collection":[{"href":"https:\/\/www.suso-club.at\/de\/wp-json\/wp\/v2\/pages"}],"about":[{"href":"https:\/\/www.suso-club.at\/de\/wp-json\/wp\/v2\/types\/page"}],"author":[{"embeddable":true,"href":"https:\/\/www.suso-club.at\/de\/wp-json\/wp\/v2\/users\/3"}],"replies":[{"embeddable":true,"href":"https:\/\/www.suso-club.at\/de\/wp-json\/wp\/v2\/comments?post=1187"}],"version-history":[{"count":11,"href":"https:\/\/www.suso-club.at\/de\/wp-json\/wp\/v2\/pages\/1187\/revisions"}],"predecessor-version":[{"id":3200,"href":"https:\/\/www.suso-club.at\/de\/wp-json\/wp\/v2\/pages\/1187\/revisions\/3200"}],"up":[{"embeddable":true,"href":"https:\/\/www.suso-club.at\/de\/wp-json\/wp\/v2\/pages\/1182"}],"wp:attachment":[{"href":"https:\/\/www.suso-club.at\/de\/wp-json\/wp\/v2\/media?parent=1187"}],"curies":[{"name":"wp","href":"https:\/\/api.w.org\/{rel}","templated":true}]}}