{"id":127,"date":"2017-04-08T15:12:01","date_gmt":"2017-04-08T14:12:01","guid":{"rendered":"http:\/\/neu.suso-club.at\/?page_id=127\/"},"modified":"2024-05-16T13:01:37","modified_gmt":"2024-05-16T11:01:37","slug":"orienteering-parks","status":"publish","type":"page","link":"https:\/\/www.suso-club.at\/de\/orienteering-parks\/","title":{"rendered":"Orienteering Parks"},"content":{"rendered":"<figure id=\"attachment_4066\" aria-describedby=\"caption-attachment-4066\" style=\"width: 604px\" class=\"wp-caption alignnone\"><img decoding=\"async\" loading=\"lazy\" class=\"size-large wp-image-4066\" src=\"http:\/\/www.suso-club.at\/wp-content\/uploads\/2020\/06\/Fixposten-O-Park-1024x696.jpg\" alt=\"\" width=\"604\" height=\"411\" srcset=\"https:\/\/www.suso-club.at\/wp-content\/uploads\/2020\/06\/Fixposten-O-Park-1024x696.jpg 1024w, https:\/\/www.suso-club.at\/wp-content\/uploads\/2020\/06\/Fixposten-O-Park-300x204.jpg 300w, https:\/\/www.suso-club.at\/wp-content\/uploads\/2020\/06\/Fixposten-O-Park-768x522.jpg 768w\" sizes=\"(max-width: 604px) 100vw, 604px\" \/><figcaption id=\"caption-attachment-4066\" class=\"wp-caption-text\">Finde die Fixposten im O-Park \u00a0&#8211; 30 Posten warten auf dich!<\/figcaption><\/figure>\n<p>Du wolltest Orientieren immer schon einmal ausprobieren? Dann bist Du hier genau richtig! Ob alleine, zu zweit, mit Familie oder mit einer ganzen Gruppe (Schulklasse) ist egal. Du wirst es nicht bereuen!<br \/>\nEin &#8222;Orienteering Park&#8220; bietet\u00a0Dir die M\u00f6glichkeit v\u00f6llig ungezwungen das Abenteuer Orientieren einmal auszuprobieren.<br \/>\nDie Stadt Graz stellt in Zusammenarbeit mit unserem Club Strecken\u00a0mit unterschiedlichem Schwierigkeitsgrad (Blau-Rot-Schwarz) als PDF zur Verf\u00fcgung.<\/p>\n<p><strong>&#8222;Orienteering Park Graz-Leechwald&#8220;:<\/strong><\/p>\n<p><u>Downloads zum\u00a0Probieren!<br \/>\n<\/u><a href=\"https:\/\/freight.cargo.site\/m\/C1592035127713311395340630621951\/O-Park_Leechwald_ABC.pdf\">O-Park Leechwald \u00a0Strecke 1 Blau &#8211; Hilmteich\/Kletterpark<\/a><br \/>\n<a href=\"https:\/\/freight.cargo.site\/m\/Q1592035127916225580151435689727\/O-Park_Leechwald_DEF.pdf\">O-Park Leechwald \u00a0Strecke 2 Rot &#8211; Hilmwarte<\/a><a href=\"http:\/\/www.suso-club.at\/wp-content\/uploads\/2020\/06\/O-Park-Leechwald-2020-Strecke3.pdf\"><br \/>\n<\/a><a href=\"https:\/\/freight.cargo.site\/m\/G1592035128026906044593692999423\/O-Park_Leechwald_GHI.pdf\">O-Park Leechwald \u00a0Strecke 3 Schwarz &#8211; N\u00e4he Hst. St.Johann-Linie1<\/a><a href=\"http:\/\/www.suso-club.at\/wp-content\/uploads\/2020\/06\/O-Park-Leechwald-2020-Strecke3.pdf\"><br \/>\n<\/a><\/p>\n<figure id=\"attachment_4067\" aria-describedby=\"caption-attachment-4067\" style=\"width: 604px\" class=\"wp-caption alignnone\"><img decoding=\"async\" loading=\"lazy\" class=\"size-large wp-image-4067\" src=\"http:\/\/www.suso-club.at\/wp-content\/uploads\/2020\/06\/O-Park-Ausschnitt-1024x562.png\" alt=\"\" width=\"604\" height=\"331\" srcset=\"https:\/\/www.suso-club.at\/wp-content\/uploads\/2020\/06\/O-Park-Ausschnitt-1024x562.png 1024w, https:\/\/www.suso-club.at\/wp-content\/uploads\/2020\/06\/O-Park-Ausschnitt-300x165.png 300w, https:\/\/www.suso-club.at\/wp-content\/uploads\/2020\/06\/O-Park-Ausschnitt-768x421.png 768w, https:\/\/www.suso-club.at\/wp-content\/uploads\/2020\/06\/O-Park-Ausschnitt.png 1578w\" sizes=\"(max-width: 604px) 100vw, 604px\" \/><figcaption id=\"caption-attachment-4067\" class=\"wp-caption-text\">Ausschnitt Karte Leechwald &#8211; 30 Posten warten<\/figcaption><\/figure>\n<p><strong>&#8222;Orienteering Park Graz-Mariatrost&#8220;<\/strong><\/p>\n<p>Nach dem O-Park im Leechwald steht ab sofort in Mariatrost eine weiter M\u00f6glichkeit bereit, den Orientierungssport eigenst\u00e4ndig auszuprobieren.<br \/>\nAusgangspunkte sind bei der Tennisanlage &#8222;Sand&amp;Mehr&#8220; sowie beim Trinkbrunnen am Roseggerweg.<\/p>\n<p>Downloads:<br \/>\n<a href=\"https:\/\/freight.cargo.site\/m\/W1592063292607991504705648066303\/OO_O-Park_Mariatrost_A.pdf\">O-Park Mariatrost 2024 Strecke1<br \/>\n<\/a><a href=\"https:\/\/freight.cargo.site\/m\/I1592063293106053594695805959935\/OO_O-Park_Mariatrost_B.pdf\">O-Park Mariatrost 2024 Strecke2<\/a><\/p>\n<figure id=\"attachment_4492\" aria-describedby=\"caption-attachment-4492\" style=\"width: 604px\" class=\"wp-caption alignnone\"><img decoding=\"async\" loading=\"lazy\" class=\"size-large wp-image-4492\" src=\"http:\/\/www.suso-club.at\/wp-content\/uploads\/2020\/11\/FotoTafelMT-SandMehr1-Kopie-1024x747.jpg\" alt=\"\" width=\"604\" height=\"441\" srcset=\"https:\/\/www.suso-club.at\/wp-content\/uploads\/2020\/11\/FotoTafelMT-SandMehr1-Kopie-1024x747.jpg 1024w, https:\/\/www.suso-club.at\/wp-content\/uploads\/2020\/11\/FotoTafelMT-SandMehr1-Kopie-300x219.jpg 300w, https:\/\/www.suso-club.at\/wp-content\/uploads\/2020\/11\/FotoTafelMT-SandMehr1-Kopie-768x560.jpg 768w\" sizes=\"(max-width: 604px) 100vw, 604px\" \/><figcaption id=\"caption-attachment-4492\" class=\"wp-caption-text\">Startpunkt mit Infotafel bei Sand&amp;Mehr bei Endhaltestelle Linie 1<\/figcaption><\/figure>\n<p><strong>Weitere Grazer\u00a0O-Parks<\/strong> findest Du unter: \u00a0<a href=\"https:\/\/outdoor-orienteering.at\/streckendownloads\">Outdoor-Orienteering<\/a><\/p>\n<p><strong>o \u00a0Graz Augarten \u00a0 \u00a0 <\/strong>Start Cafe Paulschl\u00f6ssl\u00a0<strong><br \/>\no \u00a0Graz Rosenhain \u00a0<\/strong>Start bei Uni-Sportzentrum\/Hundewiese<strong><br \/>\no \u00a0Graz LKH Klinikum \u00a0 <\/strong>Start bei Kirche\/Seminarraum im Freien<strong><br \/>\n<\/strong><strong>o \u00a0Graz Thalersee \u00a0 <\/strong>Start bei Cafe &#8222;Thaler See Garten&#8220;<\/p>\n<p><strong>&#8222;Orienteering Park Sch\u00f6ckl&#8220;: \u00a0 Neu 2022!<\/strong><\/p>\n<p>Die Holding Graz bieten am Grazer Hausberg diese M\u00f6glichkeit an. Karten gibt es gratis bei den Bergbahnen und Gasth\u00f6fen. 32 Posten warten entdeckt zu werden.<br \/>\nMit der Seilbahn ab St.Radegund ist das Sch\u00f6ckl-Plateau sehr einfach erreichbar.<\/p>\n<figure id=\"attachment_4069\" aria-describedby=\"caption-attachment-4069\" style=\"width: 604px\" class=\"wp-caption alignnone\"><img decoding=\"async\" loading=\"lazy\" class=\"size-large wp-image-4069\" src=\"http:\/\/www.suso-club.at\/wp-content\/uploads\/2020\/06\/O-Park-Sch\u00f6ckl-Karte-Ausschnitt-1024x727.png\" alt=\"\" width=\"604\" height=\"429\" srcset=\"https:\/\/www.suso-club.at\/wp-content\/uploads\/2020\/06\/O-Park-Sch\u00f6ckl-Karte-Ausschnitt-1024x727.png 1024w, https:\/\/www.suso-club.at\/wp-content\/uploads\/2020\/06\/O-Park-Sch\u00f6ckl-Karte-Ausschnitt-300x213.png 300w, https:\/\/www.suso-club.at\/wp-content\/uploads\/2020\/06\/O-Park-Sch\u00f6ckl-Karte-Ausschnitt-768x545.png 768w, https:\/\/www.suso-club.at\/wp-content\/uploads\/2020\/06\/O-Park-Sch\u00f6ckl-Karte-Ausschnitt.png 1488w\" sizes=\"(max-width: 604px) 100vw, 604px\" \/><figcaption id=\"caption-attachment-4069\" class=\"wp-caption-text\">O-Park Sch\u00f6ckl Ausschnitt<\/figcaption><\/figure>\n<figure id=\"attachment_4071\" aria-describedby=\"caption-attachment-4071\" style=\"width: 604px\" class=\"wp-caption alignnone\"><img decoding=\"async\" loading=\"lazy\" class=\"size-large wp-image-4071\" src=\"http:\/\/www.suso-club.at\/wp-content\/uploads\/2020\/06\/Auf-Postensuche-am-Sch\u00f6ckl-1024x768.jpg\" alt=\"\" width=\"604\" height=\"453\" srcset=\"https:\/\/www.suso-club.at\/wp-content\/uploads\/2020\/06\/Auf-Postensuche-am-Sch\u00f6ckl-1024x768.jpg 1024w, https:\/\/www.suso-club.at\/wp-content\/uploads\/2020\/06\/Auf-Postensuche-am-Sch\u00f6ckl-300x225.jpg 300w, https:\/\/www.suso-club.at\/wp-content\/uploads\/2020\/06\/Auf-Postensuche-am-Sch\u00f6ckl-768x576.jpg 768w\" sizes=\"(max-width: 604px) 100vw, 604px\" \/><figcaption id=\"caption-attachment-4071\" class=\"wp-caption-text\">Auf Postensuche am Sch\u00f6ckl &#8211; Kontrollpunkt gefunden<\/figcaption><\/figure>\n<p><strong>&#8222;Orienteering Park Planneralm&#8220;:<\/strong><br \/>\nAb 2018 steht auch auf der Planneralm (Bez. Liezen) eine weitere Orientierungssportanlage mit 27 Kontrollpunkten\u00a0zur Verf\u00fcgung.<br \/>\nDie Almgenossenschaft Planneralm errichtete mit Unterst\u00fctzung der Energie Steiermark\u00a0diese M\u00f6glichkeit den Orientierungssport auch in einem alpinen Gel\u00e4nde einmal zu versuchen. Die Karten sind bei den Beherbergungsbetrieben auf der Planneralm erh\u00e4ltlich.<br \/>\n<img decoding=\"async\" loading=\"lazy\" class=\"size-full wp-image-2258 alignnone\" src=\"http:\/\/www.suso-club.at\/wp-content\/uploads\/2017\/04\/planner_energie.png\" alt=\"\" width=\"577\" height=\"205\" srcset=\"https:\/\/www.suso-club.at\/wp-content\/uploads\/2017\/04\/planner_energie.png 577w, https:\/\/www.suso-club.at\/wp-content\/uploads\/2017\/04\/planner_energie-300x107.png 300w\" sizes=\"(max-width: 577px) 100vw, 577px\" \/><\/p>\n<figure id=\"attachment_2142\" aria-describedby=\"caption-attachment-2142\" style=\"width: 604px\" class=\"wp-caption alignnone\"><img decoding=\"async\" loading=\"lazy\" class=\"size-large wp-image-2142\" src=\"http:\/\/www.suso-club.at\/wp-content\/uploads\/2018\/08\/Planner-Ort-1024x768.jpg\" alt=\"\" width=\"604\" height=\"453\" srcset=\"https:\/\/www.suso-club.at\/wp-content\/uploads\/2018\/08\/Planner-Ort-1024x768.jpg 1024w, https:\/\/www.suso-club.at\/wp-content\/uploads\/2018\/08\/Planner-Ort-300x225.jpg 300w, https:\/\/www.suso-club.at\/wp-content\/uploads\/2018\/08\/Planner-Ort-768x576.jpg 768w, https:\/\/www.suso-club.at\/wp-content\/uploads\/2018\/08\/Planner-Ort.jpg 1200w\" sizes=\"(max-width: 604px) 100vw, 604px\" \/><figcaption id=\"caption-attachment-2142\" class=\"wp-caption-text\">O-PArk im Bereich des Ortes Planneralm<\/figcaption><\/figure>\n<figure id=\"attachment_2143\" aria-describedby=\"caption-attachment-2143\" style=\"width: 916px\" class=\"wp-caption alignnone\"><img decoding=\"async\" loading=\"lazy\" class=\"size-full wp-image-2143\" src=\"http:\/\/www.suso-club.at\/wp-content\/uploads\/2018\/08\/Planneralm-O-Park-Ausschnitt.jpg\" alt=\"\" width=\"916\" height=\"594\" srcset=\"https:\/\/www.suso-club.at\/wp-content\/uploads\/2018\/08\/Planneralm-O-Park-Ausschnitt.jpg 916w, https:\/\/www.suso-club.at\/wp-content\/uploads\/2018\/08\/Planneralm-O-Park-Ausschnitt-300x195.jpg 300w, https:\/\/www.suso-club.at\/wp-content\/uploads\/2018\/08\/Planneralm-O-Park-Ausschnitt-768x498.jpg 768w\" sizes=\"(max-width: 916px) 100vw, 916px\" \/><figcaption id=\"caption-attachment-2143\" class=\"wp-caption-text\">Kartenauschnitt Planneralm<\/figcaption><\/figure>\n<p><strong>&#8222;Orienteering Park Hartberg&#8220;:<\/strong><br \/>\n37 Fixposten k\u00f6nnen in der Hartberger Altstadt bzw. im Hartberger Campus entdeckt werden. Karten beim Tourismusb\u00fcro und im HERZ gratis erh\u00e4ltlich.<br \/>\n<a href=\"http:\/\/www.suso-club.at\/2018\/11\/03\/hartberger-orienteering-park\/\">Kurzbericht und Kartenausschnitt<\/a><\/p>\n<p><strong>&#8222;Orienteering Park Kumberg&#8220;:<\/strong><br \/>\nAusgehend von der WELLWELT-KUMBERG warten 20 Kontrollpunkte um entdeckt zu werden. Karten an der Badekasse oder im Seecafe.<\/p>\n<p><strong>Weitere Orienteering Parks: \u00a0siehe <a href=\"https:\/\/outdoor-orienteering.at\/streckendownloads\">Outdoor-Orienteering<\/a><\/strong><br \/>\n&gt; \u00a0 Weinitzen Josefhof &#8211; Gesundheitsvorsorgeeinrichtung<br \/>\n&gt; \u00a0 Deutschlandsberg &#8211; Degis Abenteuerschule<br \/>\n&gt; \u00a0 Schielleiten &#8211; Bundes-Sport-Resort<br \/>\n&gt; \u00a0 Faak am See\u00a0&#8211; Bundes-Sport-Resort<br \/>\n&gt; \u00a0 Obertraun\u00a0&#8211; Bundes-Sport-Resort<br \/>\n&gt; \u00a0 Mariazell &#8211; Bundesschulheim<br \/>\n&gt; \u00a0 Imst &#8211; Untermarkter Alm<br \/>\n&gt; \u00a0 Imst &#8211; Alpenzoo<br \/>\n&gt; \u00a0 Wipptal &#8211; Steinach am Brenner<br \/>\n&gt; \u00a0 Toblach\/Niederdorf<\/p>\n<p>\u00dcber R\u00fcckmeldungen an <a href=\"mailto:office@suso-club.at\">office@suso-club.at<\/a> freuen wir uns.<\/p>\n","protected":false},"excerpt":{"rendered":"<p>Du wolltest Orientieren immer schon einmal ausprobieren? Dann bist Du hier genau richtig! Ob alleine, zu zweit, mit Familie oder mit einer ganzen Gruppe (Schulklasse) ist egal. Du wirst es nicht bereuen! Ein &#8222;Orienteering Park&#8220; bietet\u00a0Dir die M\u00f6glichkeit v\u00f6llig ungezwungen das Abenteuer Orientieren einmal auszuprobieren. Die Stadt Graz stellt in Zusammenarbeit mit unserem Club Strecken\u00a0mit &hellip; <a href=\"https:\/\/www.suso-club.at\/de\/orienteering-parks\/\" class=\"more-link\"><span class=\"screen-reader-text\">Orienteering Parks<\/span> weiterlesen <span class=\"meta-nav\">&rarr;<\/span><\/a><\/p>\n","protected":false},"author":4,"featured_media":0,"parent":0,"menu_order":40,"comment_status":"closed","ping_status":"closed","template":"","meta":[],"translation":{"provider":"WPGlobus","version":"2.12.2","language":"de","enabled_languages":["en","de"],"languages":{"en":{"title":true,"content":true,"excerpt":false},"de":{"title":false,"content":false,"excerpt":false}}},"_links":{"self":[{"href":"https:\/\/www.suso-club.at\/de\/wp-json\/wp\/v2\/pages\/127"}],"collection":[{"href":"https:\/\/www.suso-club.at\/de\/wp-json\/wp\/v2\/pages"}],"about":[{"href":"https:\/\/www.suso-club.at\/de\/wp-json\/wp\/v2\/types\/page"}],"author":[{"embeddable":true,"href":"https:\/\/www.suso-club.at\/de\/wp-json\/wp\/v2\/users\/4"}],"replies":[{"embeddable":true,"href":"https:\/\/www.suso-club.at\/de\/wp-json\/wp\/v2\/comments?post=127"}],"version-history":[{"count":50,"href":"https:\/\/www.suso-club.at\/de\/wp-json\/wp\/v2\/pages\/127\/revisions"}],"predecessor-version":[{"id":6853,"href":"https:\/\/www.suso-club.at\/de\/wp-json\/wp\/v2\/pages\/127\/revisions\/6853"}],"wp:attachment":[{"href":"https:\/\/www.suso-club.at\/de\/wp-json\/wp\/v2\/media?parent=127"}],"curies":[{"name":"wp","href":"https:\/\/api.w.org\/{rel}","templated":true}]}}