{"id":17,"date":"2017-04-08T09:53:50","date_gmt":"2017-04-08T09:53:50","guid":{"rendered":"http:\/\/neu.suso-club.at\/?page_id=5"},"modified":"2017-09-08T18:15:55","modified_gmt":"2017-09-08T16:15:55","slug":"home","status":"publish","type":"page","link":"https:\/\/www.suso-club.at\/de\/","title":{"rendered":"News"},"content":{"rendered":"<div class=\"pt-cv-wrapper\"><div class=\"pt-cv-view pt-cv-grid pt-cv-colsys pt-cv-nolf pt-cv-pgregular pt-cv-sharp-buttons\" id=\"pt-cv-view-e6fb38exl2\"><div data-id=\"pt-cv-page-1\" class=\"pt-cv-page\" data-cvc=\"1\"><div class=\"col-md-12 col-sm-12 col-xs-12 pt-cv-content-item pt-cv-2-col\"  data-pid=\"7818\"><div class='pt-cv-ifield'><a href=\"https:\/\/www.suso-club.at\/de\/2026\/04\/13\/grosaufgebot-von-kiga\/\" class=\"_self pt-cv-href-thumbnail pt-cv-thumb-left cvplbd\" target=\"_self\" ><img width=\"300\" src=\"http:\/\/www.suso-club.at\/wp-content\/uploads\/2026\/04\/FotoSC_Rosen-3-1024x576.jpg\" class=\"pt-cv-thumbnail img-none pull-left cvp-substitute\" alt=\"Gro\u00dfaufgebot von KIGA\" style=\"width: 300px;\" \/><\/a>\n<div class=\"pt-cv-colwrap\"><h4 class=\"pt-cv-title\"><a href=\"https:\/\/www.suso-club.at\/de\/2026\/04\/13\/grosaufgebot-von-kiga\/\" class=\"_self cvplbd\" target=\"_self\" >Gro\u00dfaufgebot von KIGA<\/a><\/h4><div class=\"pt-cv-content\">Mit \u00fcber 70 Sch\u00fclern und Sch\u00fclerinnen war unsere Partnerschule, das BGBRG Kirchengasse unter der Leitung von Alexander Kager und Patrizia ...<br \/><div class=\"pt-cv-rmwrap\"><a href=\"https:\/\/www.suso-club.at\/de\/2026\/04\/13\/grosaufgebot-von-kiga\/\" class=\"_self pt-cv-readmore btn btn-success cvplbd\" target=\"_self\">Weiterlesen \u2026<\/a><\/div><\/div><\/div><\/div><\/div>\n<div class=\"col-md-12 col-sm-12 col-xs-12 pt-cv-content-item pt-cv-2-col\"  data-pid=\"7797\"><div class='pt-cv-ifield'><a href=\"https:\/\/www.suso-club.at\/de\/2026\/04\/06\/erfolgreiche-suche\/\" class=\"_self pt-cv-href-thumbnail pt-cv-thumb-left cvplbd\" target=\"_self\" ><img width=\"300\" src=\"http:\/\/www.suso-club.at\/wp-content\/uploads\/2026\/04\/Gros-FotoOstereier26-11-1024x768.jpeg\" class=\"pt-cv-thumbnail img-none pull-left cvp-substitute\" alt=\"Erfolgreiche Suche\" style=\"width: 300px;\" \/><\/a>\n<div class=\"pt-cv-colwrap\"><h4 class=\"pt-cv-title\"><a href=\"https:\/\/www.suso-club.at\/de\/2026\/04\/06\/erfolgreiche-suche\/\" class=\"_self cvplbd\" target=\"_self\" >Erfolgreiche Suche<\/a><\/h4><div class=\"pt-cv-content\">Rund 200 Eltern mit ihren Kindern, aber auch Erwachsene waren am Ostermontag am Sch\u00f6ckl auf der Suche nach besonderen Eiern ...<br \/><div class=\"pt-cv-rmwrap\"><a href=\"https:\/\/www.suso-club.at\/de\/2026\/04\/06\/erfolgreiche-suche\/\" class=\"_self pt-cv-readmore btn btn-success cvplbd\" target=\"_self\">Weiterlesen \u2026<\/a><\/div><\/div><\/div><\/div><\/div>\n<div class=\"col-md-12 col-sm-12 col-xs-12 pt-cv-content-item pt-cv-2-col\"  data-pid=\"7762\"><div class='pt-cv-ifield'><a href=\"https:\/\/www.suso-club.at\/de\/2026\/03\/23\/verhangnis-karsthohle\/\" class=\"_self pt-cv-href-thumbnail pt-cv-thumb-left cvplbd\" target=\"_self\" ><img width=\"300\" src=\"http:\/\/www.suso-club.at\/wp-content\/uploads\/2026\/03\/Gros-Rogain_001-Kopie-1024x710.jpeg\" class=\"pt-cv-thumbnail img-none pull-left cvp-substitute\" alt=\"Verh\u00e4ngnis Karsth\u00f6hle\" style=\"width: 300px;\" \/><\/a>\n<div class=\"pt-cv-colwrap\"><h4 class=\"pt-cv-title\"><a href=\"https:\/\/www.suso-club.at\/de\/2026\/03\/23\/verhangnis-karsthohle\/\" class=\"_self cvplbd\" target=\"_self\" >Verh\u00e4ngnis Karsth\u00f6hle<\/a><\/h4><div class=\"pt-cv-content\">An einen Orientierungslauf der anderen Art wagten sich Markus und Irene Greiner-L\u00f6schnigg am 21. M\u00e4rz 2026 in der wundersch\u00f6nen Karstlandschaft ...<br \/><div class=\"pt-cv-rmwrap\"><a href=\"https:\/\/www.suso-club.at\/de\/2026\/03\/23\/verhangnis-karsthohle\/\" class=\"_self pt-cv-readmore btn btn-success cvplbd\" target=\"_self\">Weiterlesen \u2026<\/a><\/div><\/div><\/div><\/div><\/div>\n<div class=\"col-md-12 col-sm-12 col-xs-12 pt-cv-content-item pt-cv-2-col\"  data-pid=\"7751\"><div class='pt-cv-ifield'><a href=\"https:\/\/www.suso-club.at\/de\/2026\/03\/16\/weinberge-see\/\" class=\"_self pt-cv-href-thumbnail pt-cv-thumb-left cvplbd\" target=\"_self\" ><img width=\"300\" src=\"http:\/\/www.suso-club.at\/wp-content\/uploads\/2026\/03\/Gros-Foto-Purbach-WA-1-1024x655.jpeg\" class=\"pt-cv-thumbnail img-none pull-left cvp-substitute\" alt=\"Weinberge &amp; See\" style=\"width: 300px;\" \/><\/a>\n<div class=\"pt-cv-colwrap\"><h4 class=\"pt-cv-title\"><a href=\"https:\/\/www.suso-club.at\/de\/2026\/03\/16\/weinberge-see\/\" class=\"_self cvplbd\" target=\"_self\" >Weinberge &#038; See<\/a><\/h4><div class=\"pt-cv-content\">Der Auftakt der nationalen O-Wettk\u00e4mpfe erfolgte heuer zwischen Weinbergen und dem Neusiedlersee in Purbach. Er\u00f6ffnet wurde das Wochenende mit der ...<br \/><div class=\"pt-cv-rmwrap\"><a href=\"https:\/\/www.suso-club.at\/de\/2026\/03\/16\/weinberge-see\/\" class=\"_self pt-cv-readmore btn btn-success cvplbd\" target=\"_self\">Weiterlesen \u2026<\/a><\/div><\/div><\/div><\/div><\/div>\n<div class=\"col-md-12 col-sm-12 col-xs-12 pt-cv-content-item pt-cv-2-col\"  data-pid=\"7736\"><div class='pt-cv-ifield'><a href=\"https:\/\/www.suso-club.at\/de\/2026\/03\/12\/abenteuer-pur\/\" class=\"_self pt-cv-href-thumbnail pt-cv-thumb-left cvplbd\" target=\"_self\" ><img width=\"300\" src=\"http:\/\/www.suso-club.at\/wp-content\/uploads\/2026\/03\/Foto-Lipica-2026_SUSO-Team-2-1024x748.jpg\" class=\"pt-cv-thumbnail img-none pull-left cvp-substitute\" alt=\"Abenteuer pur\" style=\"width: 300px;\" \/><\/a>\n<div class=\"pt-cv-colwrap\"><h4 class=\"pt-cv-title\"><a href=\"https:\/\/www.suso-club.at\/de\/2026\/03\/12\/abenteuer-pur\/\" class=\"_self cvplbd\" target=\"_self\" >Abenteuer pur<\/a><\/h4><div class=\"pt-cv-content\">Das Lipica Open (5 Tage Etappenwettkampf) ist am Beginn der Saison ein wahres Abenteuer. Vor allem f\u00fcr die noch unroutinierten ...<br \/><div class=\"pt-cv-rmwrap\"><a href=\"https:\/\/www.suso-club.at\/de\/2026\/03\/12\/abenteuer-pur\/\" class=\"_self pt-cv-readmore btn btn-success cvplbd\" target=\"_self\">Weiterlesen \u2026<\/a><\/div><\/div><\/div><\/div><\/div>\n<div class=\"col-md-12 col-sm-12 col-xs-12 pt-cv-content-item pt-cv-2-col\"  data-pid=\"7716\"><div class='pt-cv-ifield'><a href=\"https:\/\/www.suso-club.at\/de\/2026\/02\/28\/wie-immer-lipica-open\/\" class=\"_self pt-cv-href-thumbnail pt-cv-thumb-left cvplbd\" target=\"_self\" ><img width=\"300\" src=\"http:\/\/www.suso-club.at\/wp-content\/uploads\/2026\/02\/Gros-Lipica-2026-2-1024x658.jpeg\" class=\"pt-cv-thumbnail img-none pull-left cvp-substitute\" alt=\"Wie immer Lipica Open\" style=\"width: 300px;\" \/><\/a>\n<div class=\"pt-cv-colwrap\"><h4 class=\"pt-cv-title\"><a href=\"https:\/\/www.suso-club.at\/de\/2026\/02\/28\/wie-immer-lipica-open\/\" class=\"_self cvplbd\" target=\"_self\" >Wie immer Lipica Open<\/a><\/h4><div class=\"pt-cv-content\">Die Ziele warten im Karst Wie jedes Jahr kommt es beim Lipica Open vom 7.-11.M\u00e4rz 2026 zum ersten nationalen Zusammentreffen ...<br \/><div class=\"pt-cv-rmwrap\"><a href=\"https:\/\/www.suso-club.at\/de\/2026\/02\/28\/wie-immer-lipica-open\/\" class=\"_self pt-cv-readmore btn btn-success cvplbd\" target=\"_self\">Weiterlesen \u2026<\/a><\/div><\/div><\/div><\/div><\/div>\n<div class=\"col-md-12 col-sm-12 col-xs-12 pt-cv-content-item pt-cv-2-col\"  data-pid=\"7706\"><div class='pt-cv-ifield'><a href=\"https:\/\/www.suso-club.at\/de\/2026\/02\/22\/beidou-wo-ist-das\/\" class=\"_self pt-cv-href-thumbnail pt-cv-thumb-left cvplbd\" target=\"_self\" ><img width=\"300\" src=\"http:\/\/www.suso-club.at\/wp-content\/uploads\/2026\/02\/Beido-Foto-7.png\" class=\"pt-cv-thumbnail img-none pull-left cvp-substitute\" alt=\"Beidou - Wo ist das?\" style=\"width: 300px;\" \/><\/a>\n<div class=\"pt-cv-colwrap\"><h4 class=\"pt-cv-title\"><a href=\"https:\/\/www.suso-club.at\/de\/2026\/02\/22\/beidou-wo-ist-das\/\" class=\"_self cvplbd\" target=\"_self\" >Beidou &#8211; Wo ist das?<\/a><\/h4><div class=\"pt-cv-content\">Tandl Renate machte sich Ende J\u00e4nner auf den Weg nach China, um dort ein einzigartiges Orientierungslauf-Erlebnis zu genie\u00dfen. Die Veranstaltung ...<br \/><div class=\"pt-cv-rmwrap\"><a href=\"https:\/\/www.suso-club.at\/de\/2026\/02\/22\/beidou-wo-ist-das\/\" class=\"_self pt-cv-readmore btn btn-success cvplbd\" target=\"_self\">Weiterlesen \u2026<\/a><\/div><\/div><\/div><\/div><\/div>\n<div class=\"col-md-12 col-sm-12 col-xs-12 pt-cv-content-item pt-cv-2-col\"  data-pid=\"7670\"><div class='pt-cv-ifield'><a href=\"https:\/\/www.suso-club.at\/de\/2026\/01\/23\/mit-der-suso-gondel-hoch-hinauf\/\" class=\"_self pt-cv-href-thumbnail pt-cv-thumb-left cvplbd\" target=\"_self\" ><img width=\"300\" src=\"http:\/\/www.suso-club.at\/wp-content\/uploads\/2026\/01\/Gondel-Schockl-live-4-Kopie-1024x726.jpeg\" class=\"pt-cv-thumbnail img-none pull-left cvp-substitute\" alt=\"Mit der SUSO-Gondel hoch hinauf\" style=\"width: 300px;\" \/><\/a>\n<div class=\"pt-cv-colwrap\"><h4 class=\"pt-cv-title\"><a href=\"https:\/\/www.suso-club.at\/de\/2026\/01\/23\/mit-der-suso-gondel-hoch-hinauf\/\" class=\"_self cvplbd\" target=\"_self\" >Mit der SUSO-Gondel hoch hinauf<\/a><\/h4><div class=\"pt-cv-content\">Die Orientierungslauf-Saison 2026 steht bevor und SUSO m\u00f6chte nicht nur mit der neuen \u201eSUSO-Gondel\u201c hoch hinauf auf den Grazer Hausberg ...<br \/><div class=\"pt-cv-rmwrap\"><a href=\"https:\/\/www.suso-club.at\/de\/2026\/01\/23\/mit-der-suso-gondel-hoch-hinauf\/\" class=\"_self pt-cv-readmore btn btn-success cvplbd\" target=\"_self\">Weiterlesen \u2026<\/a><\/div><\/div><\/div><\/div><\/div><\/div><\/div>\n<div class=\"text-left pt-cv-pagination-wrapper\"><ul class=\"pt-cv-pagination pt-cv-ajax pagination\" data-totalpages=\"36\" data-currentpage=\"1\" data-sid=\"e6fb38exl2\" data-unid=\"\" data-isblock=\"\" data-postid=\"\"><li class=\"active\"><a href=\"#\">1<\/a><\/li>\n\t<li ><a class=\"\" href=\"https:\/\/www.suso-club.at\/de\/wp-json\/wp\/v2\/pages\/17\/?_page=2\">2<\/a><\/li>\n\t<li ><a class=\"\" href=\"https:\/\/www.suso-club.at\/de\/wp-json\/wp\/v2\/pages\/17\/?_page=3\">3<\/a><\/li>\n\t<li ><a href=\"#\">&hellip;<\/a><\/li>\n\t<li ><a class=\"\" href=\"https:\/\/www.suso-club.at\/de\/wp-json\/wp\/v2\/pages\/17\/?_page=36\">36<\/a><\/li>\n\t<li ><a class=\" \" href=\"https:\/\/www.suso-club.at\/de\/wp-json\/wp\/v2\/pages\/17\/?_page=2\">&rsaquo;<\/a><\/li>\n\t<\/ul><img width=\"15\" height=\"15\" class=\"pt-cv-spinner\" alt=\"Wird geladen\u00a0\u2026\" src=\"data:image\/gif;base64,R0lGODlhDwAPALMPAMrKygwMDJOTkz09PZWVla+vr3p6euTk5M7OzuXl5TMzMwAAAJmZmWZmZszMzP\/\/\/yH\/C05FVFNDQVBFMi4wAwEAAAAh+QQFCgAPACwAAAAADwAPAAAEQvDJaZaZOIcV8iQK8VRX4iTYoAwZ4iCYoAjZ4RxejhVNoT+mRGP4cyF4Pp0N98sBGIBMEMOotl6YZ3S61Bmbkm4mAgAh+QQFCgAPACwAAAAADQANAAAENPDJSRSZeA418itN8QiK8BiLITVsFiyBBIoYqnoewAD4xPw9iY4XLGYSjkQR4UAUD45DLwIAIfkEBQoADwAsAAAAAA8ACQAABC\/wyVlamTi3nSdgwFNdhEJgTJoNyoB9ISYoQmdjiZPcj7EYCAeCF1gEDo4Dz2eIAAAh+QQFCgAPACwCAAAADQANAAAEM\/DJBxiYeLKdX3IJZT1FU0iIg2RNKx3OkZVnZ98ToRD4MyiDnkAh6BkNC0MvsAj0kMpHBAAh+QQFCgAPACwGAAAACQAPAAAEMDC59KpFDll73HkAA2wVY5KgiK5b0RRoI6MuzG6EQqCDMlSGheEhUAgqgUUAFRySIgAh+QQFCgAPACwCAAIADQANAAAEM\/DJKZNLND\/kkKaHc3xk+QAMYDKsiaqmZCxGVjSFFCxB1vwy2oOgIDxuucxAMTAJFAJNBAAh+QQFCgAPACwAAAYADwAJAAAEMNAs86q1yaWwwv2Ig0jUZx3OYa4XoRAfwADXoAwfo1+CIjyFRuEho60aSNYlOPxEAAAh+QQFCgAPACwAAAIADQANAAAENPA9s4y8+IUVcqaWJ4qEQozSoAzoIyhCK2NFU2SJk0hNnyEOhKR2AzAAj4Pj4GE4W0bkJQIAOw==\" \/><div class=\"clear pt-cv-clear-pagination\"><\/div><\/div><\/div>\t\t\t<style type=\"text\/css\" id=\"pt-cv-inline-style-74a3642gq9\">#pt-cv-view-e6fb38exl2.pt-cv-post-border .pt-cv-content-item   { border-top-style: solid; border-left-style: solid; }\n#pt-cv-view-e6fb38exl2 .pt-cv-title a, #pt-cv-view-e6fb38exl2  .panel-title { font-weight: 600 !important; }\n#pt-cv-view-e6fb38exl2 .pt-cv-readmore  { color: #ffffff !important; background-color: #00aeef !important; }\n#pt-cv-view-e6fb38exl2 .pt-cv-readmore:hover  { color: #ffffff !important; background-color: #00aeef !important; }\n#pt-cv-view-e6fb38exl2  + .pt-cv-pagination-wrapper .pt-cv-more , #pt-cv-view-e6fb38exl2  + .pt-cv-pagination-wrapper .pagination .active a { color: #ffffff !important; background-color: #00aeef !important; }<\/style>\r\n\t\t\t\n","protected":false},"excerpt":{"rendered":"","protected":false},"author":4,"featured_media":0,"parent":0,"menu_order":20,"comment_status":"closed","ping_status":"closed","template":"","meta":[],"translation":{"provider":"WPGlobus","version":"2.12.2","language":"de","enabled_languages":["en","de"],"languages":{"en":{"title":true,"content":true,"excerpt":false},"de":{"title":false,"content":false,"excerpt":false}}},"_links":{"self":[{"href":"https:\/\/www.suso-club.at\/de\/wp-json\/wp\/v2\/pages\/17"}],"collection":[{"href":"https:\/\/www.suso-club.at\/de\/wp-json\/wp\/v2\/pages"}],"about":[{"href":"https:\/\/www.suso-club.at\/de\/wp-json\/wp\/v2\/types\/page"}],"author":[{"embeddable":true,"href":"https:\/\/www.suso-club.at\/de\/wp-json\/wp\/v2\/users\/4"}],"replies":[{"embeddable":true,"href":"https:\/\/www.suso-club.at\/de\/wp-json\/wp\/v2\/comments?post=17"}],"version-history":[{"count":9,"href":"https:\/\/www.suso-club.at\/de\/wp-json\/wp\/v2\/pages\/17\/revisions"}],"predecessor-version":[{"id":2896,"href":"https:\/\/www.suso-club.at\/de\/wp-json\/wp\/v2\/pages\/17\/revisions\/2896"}],"wp:attachment":[{"href":"https:\/\/www.suso-club.at\/de\/wp-json\/wp\/v2\/media?parent=17"}],"curies":[{"name":"wp","href":"https:\/\/api.w.org\/{rel}","templated":true}]}}