{"id":18,"date":"2017-04-08T09:54:02","date_gmt":"2017-04-08T09:54:02","guid":{"rendered":"http:\/\/neu.suso-club.at\/?page_id=7"},"modified":"2017-09-03T19:54:23","modified_gmt":"2017-09-03T17:54:23","slug":"verein","status":"publish","type":"page","link":"https:\/\/www.suso-club.at\/de\/verein\/","title":{"rendered":"Verein"},"content":{"rendered":"<h1><strong>Unsere Philosophie<\/strong><\/h1>\n<p>Unser Club dient als Plattform f\u00fcr\u00a0Begeisterte, die gerne mit Karte beim \u201eOrientieren\u201c in der Natur den schnellsten Weg durch Wald, Wiese und Gel\u00e4nde suchen und finden wollen.<\/p>\n<p>Du erlebst:<\/p>\n<ul>\n<li>Abenteuer<\/li>\n<li>Herausforderung<\/li>\n<li>Leistung<\/li>\n<li>Gemeinschaft<\/li>\n<li>Freude<\/li>\n<\/ul>\n<p>f\u00fcr alle Alters- und K\u00f6nnensstufen<\/p>\n<h1>Unser Angebot<\/h1>\n<p>Wir bieten\u00a0<strong>unser Know-how<\/strong> in den Bereichen:<\/p>\n<h3>Training<\/h3>\n<ul>\n<li>Laufendes Training<\/li>\n<li>Trainingskurse<\/li>\n<li>Trainingscamps in unbekannten Gebieten mit \u00dcbernachtung<\/li>\n<\/ul>\n<h3>Wettkampfbeschickung<\/h3>\n<p>Wettkampf-Nennung, Reiseorganisation, Betreuung<\/p>\n<ul>\n<li>Steirische Wettk\u00e4mpfe<\/li>\n<li>\u00d6sterreichweite Wettk\u00e4mpfe<\/li>\n<li>Etappen-Wettk\u00e4mpfe im In- u. Ausland<\/li>\n<\/ul>\n<h3>Veranstaltungsorganisation<\/h3>\n<p>Gemeinschaftliche Durchf\u00fchrung von lokalen, regionalen und nationalen Wettk\u00e4mpfen.<\/p>\n<h3>F\u00f6rderung<\/h3>\n<p><strong>F\u00f6rderung<\/strong>\u00a0leistungswilliger Nachwuchsl\u00e4ufer und auf Wunsch Hinf\u00fchrung zum Leistungssport.<\/p>\n","protected":false},"excerpt":{"rendered":"<p>Unsere Philosophie Unser Club dient als Plattform f\u00fcr\u00a0Begeisterte, die gerne mit Karte beim \u201eOrientieren\u201c in der Natur den schnellsten Weg durch Wald, Wiese und Gel\u00e4nde suchen und finden wollen. Du erlebst: Abenteuer Herausforderung Leistung Gemeinschaft Freude f\u00fcr alle Alters- und K\u00f6nnensstufen Unser Angebot Wir bieten\u00a0unser Know-how in den Bereichen: Training Laufendes Training Trainingskurse Trainingscamps in &hellip; <a href=\"https:\/\/www.suso-club.at\/de\/verein\/\" class=\"more-link\"><span class=\"screen-reader-text\">Verein<\/span> weiterlesen <span class=\"meta-nav\">&rarr;<\/span><\/a><\/p>\n","protected":false},"author":4,"featured_media":0,"parent":0,"menu_order":50,"comment_status":"closed","ping_status":"closed","template":"","meta":[],"translation":{"provider":"WPGlobus","version":"2.12.2","language":"de","enabled_languages":["en","de"],"languages":{"en":{"title":true,"content":true,"excerpt":false},"de":{"title":false,"content":false,"excerpt":false}}},"_links":{"self":[{"href":"https:\/\/www.suso-club.at\/de\/wp-json\/wp\/v2\/pages\/18"}],"collection":[{"href":"https:\/\/www.suso-club.at\/de\/wp-json\/wp\/v2\/pages"}],"about":[{"href":"https:\/\/www.suso-club.at\/de\/wp-json\/wp\/v2\/types\/page"}],"author":[{"embeddable":true,"href":"https:\/\/www.suso-club.at\/de\/wp-json\/wp\/v2\/users\/4"}],"replies":[{"embeddable":true,"href":"https:\/\/www.suso-club.at\/de\/wp-json\/wp\/v2\/comments?post=18"}],"version-history":[{"count":8,"href":"https:\/\/www.suso-club.at\/de\/wp-json\/wp\/v2\/pages\/18\/revisions"}],"predecessor-version":[{"id":6272,"href":"https:\/\/www.suso-club.at\/de\/wp-json\/wp\/v2\/pages\/18\/revisions\/6272"}],"wp:attachment":[{"href":"https:\/\/www.suso-club.at\/de\/wp-json\/wp\/v2\/media?parent=18"}],"curies":[{"name":"wp","href":"https:\/\/api.w.org\/{rel}","templated":true}]}}