{"id":309,"date":"2017-06-04T14:57:39","date_gmt":"2017-06-04T12:57:39","guid":{"rendered":"http:\/\/suso-club.at\/?page_id=309"},"modified":"2021-02-20T11:18:16","modified_gmt":"2021-02-20T10:18:16","slug":"kontakt","status":"publish","type":"page","link":"https:\/\/www.suso-club.at\/de\/verein\/kontakt\/","title":{"rendered":"Kontakt"},"content":{"rendered":"<h3>Sportunion Sch\u00f6ckl Orienteering<\/h3>\n<p><img decoding=\"async\" loading=\"lazy\" class=\"alignnone wp-image-422\" src=\"http:\/\/www.suso-club.at\/wp-content\/uploads\/2017\/06\/LOGO-SCH\u00d6CKL-PNG-300x255.png\" alt=\"\" width=\"238\" height=\"202\" srcset=\"https:\/\/www.suso-club.at\/wp-content\/uploads\/2017\/06\/LOGO-SCH\u00d6CKL-PNG-300x255.png 300w, https:\/\/www.suso-club.at\/wp-content\/uploads\/2017\/06\/LOGO-SCH\u00d6CKL-PNG-768x652.png 768w, https:\/\/www.suso-club.at\/wp-content\/uploads\/2017\/06\/LOGO-SCH\u00d6CKL-PNG-1024x869.png 1024w, https:\/\/www.suso-club.at\/wp-content\/uploads\/2017\/06\/LOGO-SCH\u00d6CKL-PNG.png 1884w\" sizes=\"(max-width: 238px) 100vw, 238px\" \/><br \/>\nInge-Morath-Stra\u00dfe 53; 8045 Graz<br \/>\nPhone: +43 664 9604960<br \/>\nMail: <a href=\"mailto:office@suso-club.at\">office@suso-club.at<\/a><\/p>\n<p>Meldungen f\u00fcr Orientierungslauf-Treff<br \/>\nPhone: +43 699 18197660<br \/>\nMail: <a href=\"mailto:anmeldung@suso-club.at\">anmeldung@suso-club.at<\/a><\/p>\n<p><strong>Bankdaten<\/strong><\/p>\n<p>Bank: RAIKA Graz-Nord<br \/>\nIBAN:\u00a0AT11 3837 7000 0417 4405<br \/>\nBIZ:\u00a0RZSTAT2G377<\/p>\n","protected":false},"excerpt":{"rendered":"<p>Sportunion Sch\u00f6ckl Orienteering Inge-Morath-Stra\u00dfe 53; 8045 Graz Phone: +43 664 9604960 Mail: office@suso-club.at Meldungen f\u00fcr Orientierungslauf-Treff Phone: +43 699 18197660 Mail: anmeldung@suso-club.at Bankdaten Bank: RAIKA Graz-Nord IBAN:\u00a0AT11 3837 7000 0417 4405 BIZ:\u00a0RZSTAT2G377<\/p>\n","protected":false},"author":3,"featured_media":0,"parent":18,"menu_order":40,"comment_status":"closed","ping_status":"closed","template":"","meta":[],"translation":{"provider":"WPGlobus","version":"2.12.2","language":"de","enabled_languages":["en","de"],"languages":{"en":{"title":true,"content":true,"excerpt":false},"de":{"title":false,"content":false,"excerpt":false}}},"_links":{"self":[{"href":"https:\/\/www.suso-club.at\/de\/wp-json\/wp\/v2\/pages\/309"}],"collection":[{"href":"https:\/\/www.suso-club.at\/de\/wp-json\/wp\/v2\/pages"}],"about":[{"href":"https:\/\/www.suso-club.at\/de\/wp-json\/wp\/v2\/types\/page"}],"author":[{"embeddable":true,"href":"https:\/\/www.suso-club.at\/de\/wp-json\/wp\/v2\/users\/3"}],"replies":[{"embeddable":true,"href":"https:\/\/www.suso-club.at\/de\/wp-json\/wp\/v2\/comments?post=309"}],"version-history":[{"count":10,"href":"https:\/\/www.suso-club.at\/de\/wp-json\/wp\/v2\/pages\/309\/revisions"}],"predecessor-version":[{"id":4676,"href":"https:\/\/www.suso-club.at\/de\/wp-json\/wp\/v2\/pages\/309\/revisions\/4676"}],"up":[{"embeddable":true,"href":"https:\/\/www.suso-club.at\/de\/wp-json\/wp\/v2\/pages\/18"}],"wp:attachment":[{"href":"https:\/\/www.suso-club.at\/de\/wp-json\/wp\/v2\/media?parent=309"}],"curies":[{"name":"wp","href":"https:\/\/api.w.org\/{rel}","templated":true}]}}