{"id":311,"date":"2017-06-04T14:58:12","date_gmt":"2017-06-04T12:58:12","guid":{"rendered":"http:\/\/suso-club.at\/?page_id=311"},"modified":"2023-05-30T14:00:33","modified_gmt":"2023-05-30T12:00:33","slug":"mitgliedschaft","status":"publish","type":"page","link":"https:\/\/www.suso-club.at\/de\/verein\/mitgliedschaft\/","title":{"rendered":"Mitgliedschaft"},"content":{"rendered":"<p>Mitglieder k\u00f6nnen den Club als Plattform f\u00fcr ihre Aktivit\u00e4ten im Orientierungslauf nutzen.<\/p>\n<h3>Au\u00dferordentliche Mitgliedschaft:<\/h3>\n<p>Alle, die an Vereins-Aktivit\u00e4ten teilnehmen.<\/p>\n<p>Mitgliedsbeitrag: Basismitgliedschaft (plus Package-Optionen)<\/p>\n<h3>Ordentliche Mitgliedschaft:<\/h3>\n<p>Kann nur vom aktiven Vorstand nach Antrag aufgenommen werden. Voraussetzung ist das aktive Engagement im Club (z.B. Durchf\u00fchrung von Trainings, \u00dcbernahme von\u00a0Bereichen bei Veranstaltungsorganisation, etc&#8230;)<\/p>\n<p>Mitgliedsbeitrag: Basismitgliedschaft (plus Package-Optionen)<\/p>\n<h3>Ruhende Mitgliedschaft:<\/h3>\n<p>Nicht aktive Mitglieder sind so lange ruhend gestellt, bis sie schriftlich die Mitgliedschaft k\u00fcndigen.<\/p>\n<p>Mitgliedsbeitrag: kein Mitgliedsbeitrag<\/p>\n<h1>Mitgliedsbeitr\u00e4ge<\/h1>\n<p>Es stehen drei unterschiedliche Mitgliedschaften zur Verf\u00fcgung.<\/p>\n<h3>1) SUSO-Basismitgliedschaft:<\/h3>\n<p><em>Beitr\u00e4ge<\/em>: Jugendliche bis 18 Jahre\u00a0 \u20ac 5.- \/ Erwachsene \u20ac 10.-<br \/>\n<em>Leistungen<\/em>:\u00a0 Vereinsversicherung, Information von Vereinsaktivit\u00e4ten<\/p>\n<h3>2) \u00d6FOL-Mitgliedschaft:<\/h3>\n<p>Hier erhaltest du zus\u00e4tzlich zur Basismitgliedschaft auch eine Mitgliedschaft beim Fachverband f\u00fcr Orientierungslauf (kurz \u00d6FOL). Die Mitgliedschaft beim \u00d6FOL\u00a0berechtigt dich zum Start bei nationalen Verbandsl\u00e4ufen (Meisterschaften, Austria Cup, Teambewerbe) in den Haupt-Kategorien. Ohne die Verbandsmitgliedschaft ist ein Start nur in Rahmenkategorien (Offen lang, Offen kurz, Neulinge, DH-10) m\u00f6glich.<\/p>\n<p><em>Beitr\u00e4ge<\/em>: Jugendliche bis 18 Jahre\u00a0 \u20ac 15.- \/ Erwachsene \u20ac 36.-<br \/>\n<em>Leistungen<\/em>: zus\u00e4tzlich zur SUSO-Basismitgliedschaft, Startberechtigung AC-Bewerbe, j\u00e4hrliche Verbandszeitung, Austria Cupwertung<\/p>\n<h3>3) Wettkampf Package:<\/h3>\n<p>Umfasst zus\u00e4tzlich die Startgeld\u00fcbernahme f\u00fcr \u00d6sterreichischen Wettk\u00e4mpfe (Austria-Cup, Teambewerbe) und Steir. Cupbewerben durch den Verein.<\/p>\n<p><em>Beitr\u00e4ge<\/em>: Jugendliche bis 18 Jahre\u00a0 \u20ac 54.- \/ Erwachsene \u20ac 99.-<br \/>\n<em>Leistungen<\/em>: zus\u00e4tzlich zur \u00d6FOL-Mitgliedschaft, Startgeld\u00fcbernahme f\u00fcr alle oben genannten L\u00e4ufe (ca. 11 nationale L\u00e4ufe, 8 steirische L\u00e4ufe)<\/p>\n<h3><\/h3>\n<h3>Einzelstartgeld ohne Wettkampf-Package:<\/h3>\n<p>Startgeld pro Lauf f\u00fcr STOLV-Wettk\u00e4mpfe: Jugend: \u20ac 6.- \/ Erw. \u20ac 13.-<br \/>\nStartgeld pro Lauf f\u00fcr \u00d6FOL-Wettk\u00e4mpfe: Jugend: \u20ac 8.- \/ Erw. \u20ac 16.-<\/p>\n<h1><strong>M\u00f6gliche F\u00f6rderungen <\/strong><\/h1>\n<p><strong>f\u00fcr Jugendliche (bis 18 J.), Studenten\/innen (bis 28 J.), in Ausbildung Stehende (bis 25) und Elitel\u00e4ufer\/innen<\/strong><\/p>\n<p>Zusch\u00fcsse (Fahrt und Unterkunft) f\u00fcr Beschickungen zu Austria Cup L\u00e4ufe und ausgew\u00e4hlten Wettbewerben bzw. Trainingsaktivit\u00e4ten k\u00f6nnen gew\u00e4hrt werden.<\/p>\n<p>F\u00f6rdervoraussetzung: \u00d6FOL-Mitgliedschaft bzw. Wettkampf-Package<\/p>\n<h3>Familienrabatt:<\/h3>\n<p>Bei ausgew\u00e4hlten Veranstaltungen k\u00f6nnen Familienrabatte angeboten werden.<\/p>\n","protected":false},"excerpt":{"rendered":"<p>Mitglieder k\u00f6nnen den Club als Plattform f\u00fcr ihre Aktivit\u00e4ten im Orientierungslauf nutzen. Au\u00dferordentliche Mitgliedschaft: Alle, die an Vereins-Aktivit\u00e4ten teilnehmen. Mitgliedsbeitrag: Basismitgliedschaft (plus Package-Optionen) Ordentliche Mitgliedschaft: Kann nur vom aktiven Vorstand nach Antrag aufgenommen werden. Voraussetzung ist das aktive Engagement im Club (z.B. Durchf\u00fchrung von Trainings, \u00dcbernahme von\u00a0Bereichen bei Veranstaltungsorganisation, etc&#8230;) Mitgliedsbeitrag: Basismitgliedschaft (plus Package-Optionen) Ruhende &hellip; <a href=\"https:\/\/www.suso-club.at\/de\/verein\/mitgliedschaft\/\" class=\"more-link\"><span class=\"screen-reader-text\">Mitgliedschaft<\/span> weiterlesen <span class=\"meta-nav\">&rarr;<\/span><\/a><\/p>\n","protected":false},"author":3,"featured_media":0,"parent":18,"menu_order":20,"comment_status":"closed","ping_status":"closed","template":"","meta":[],"translation":{"provider":"WPGlobus","version":"2.12.2","language":"de","enabled_languages":["en","de"],"languages":{"en":{"title":true,"content":true,"excerpt":false},"de":{"title":false,"content":false,"excerpt":false}}},"_links":{"self":[{"href":"https:\/\/www.suso-club.at\/de\/wp-json\/wp\/v2\/pages\/311"}],"collection":[{"href":"https:\/\/www.suso-club.at\/de\/wp-json\/wp\/v2\/pages"}],"about":[{"href":"https:\/\/www.suso-club.at\/de\/wp-json\/wp\/v2\/types\/page"}],"author":[{"embeddable":true,"href":"https:\/\/www.suso-club.at\/de\/wp-json\/wp\/v2\/users\/3"}],"replies":[{"embeddable":true,"href":"https:\/\/www.suso-club.at\/de\/wp-json\/wp\/v2\/comments?post=311"}],"version-history":[{"count":12,"href":"https:\/\/www.suso-club.at\/de\/wp-json\/wp\/v2\/pages\/311\/revisions"}],"predecessor-version":[{"id":6277,"href":"https:\/\/www.suso-club.at\/de\/wp-json\/wp\/v2\/pages\/311\/revisions\/6277"}],"up":[{"embeddable":true,"href":"https:\/\/www.suso-club.at\/de\/wp-json\/wp\/v2\/pages\/18"}],"wp:attachment":[{"href":"https:\/\/www.suso-club.at\/de\/wp-json\/wp\/v2\/media?parent=311"}],"curies":[{"name":"wp","href":"https:\/\/api.w.org\/{rel}","templated":true}]}}